{"id":43,"date":"2012-12-12T11:31:48","date_gmt":"2012-12-12T10:31:48","guid":{"rendered":"http:\/\/fisiologia.umh.es\/?page_id=43"},"modified":"2021-05-20T11:34:18","modified_gmt":"2021-05-20T09:34:18","slug":"prevencion-y-seguridad","status":"publish","type":"page","link":"https:\/\/fisiologia.umh.es\/ca\/prevencion-y-seguridad\/","title":{"rendered":"Prevenci\u00f3 i Seguretat"},"content":{"rendered":"<p><\/p>\n<ul>\n<li>\u00a0\u00a0<span style=\"color: #800080\"><span style=\"text-decoration: underline\"><strong>Manual d&#8217;autoprotecci\u00f3<\/strong><\/span><\/span><\/li>\n<\/ul>\n<p>\u00a0<span style=\"color: #800080\">\u00a0<\/span>\u00a0<span style=\"color: #000000\">Aquest manual ens informa sobre com actuar en cas d&#8217;emerg\u00e8ncia, est\u00e0 dirigit a empleats, estudiants i visitants.<\/span>\u00a0<\/p>\n<p><a href=\"https:\/\/prevencion.umh.es\">Manual d&#8217;autoprotecci\u00f3 de la UMH.<\/a><\/p>\n<p>Directament consultable o descargable en PDF des de l&#8217;enlla\u00e7.<\/p>\n<p>(informaci\u00f3 servei de Prevenci\u00f3 de Riscos Laborals UMH)<\/p>\n<ul>\n<li><span style=\"text-decoration: underline\"><span style=\"color: #800080\"><strong>Informaci\u00f3 de com actuar en cas d&#8217;emerg\u00e8ncia<br \/>\n<\/strong><br \/>\n<\/span><\/span>Tel\u00e8fon d&#8217;Emerg\u00e8nciaTel\u00e8fon de Centre de Comunicacions de la *UMH per a tractament d&#8217;EMERG\u00c8NCIA,Per a avisos d&#8217;incidents, informaci\u00f3 i recolze en emerg\u00e8ncies en l&#8217;horari d&#8217;obertura de la *Unviersidad:<\/p>\n<p><span style=\"color: #800080\">Tel\u00e8fon : 8665<\/span> (96 665 8665 per a trucada externa)<\/p>\n<p>En Centre de Comunicacions es disposa:<\/p>\n<p>a) D&#8217;instruccions per a reaccionar, orientar, recolzar i informar al \/ del tractament de l&#8217;emerg\u00e8ncia.<\/p>\n<p>b) Tel\u00e8fons dels components dels diferents Equips d&#8217;Emerg\u00e8ncia que poden actuar i \/ o si escau, de les Autoritats Universit\u00e0ries que hagen de prendre la decisi\u00f3 o informades de la incid\u00e8ncia o emerg\u00e8ncia presentada.<\/p>\n<p>Si f\u00f3ra necessari <span style=\"color: #800080\">requerir ajuda externa directament<\/span>, cridar al <span style=\"color: #800080\">112<\/span>, per\u00f2 informar quan siga possible al tel\u00e8fon 8665 de la incid\u00e8ncia produ\u00efda i accions realitzades (per a evitar duplicitats o possibilitar incrementar el suport necessari).<\/p>\n<p>Si no pot cridar per tel\u00e8fon, acudisca\/contacte amb la consergeria o amb personal de seguretat.<\/p>\n<p>Nota: En horari nocturn o en festius at\u00e9n el centre de control de seguretat de la Universitat, *Telefono 8949 o 96 665 8949<\/p>\n<p>(informaci\u00f3 servei de Prevenci\u00f3 de Riscos Laborals *UMH)<\/p>\n<p>Manual \u201cMesures d&#8217;emerg\u00e8ncia\u201d (*Procedim. operatiu)<\/p>\n<p><em>\u201cAquest text ha sigut tradu\u00eft utilitzant un motor de raducci\u00f3 autom\u00e0tica\u201d.<\/em><\/li>\n<\/ul>\n<p><\/p>","protected":false},"excerpt":{"rendered":"<p>\u00a0\u00a0Manual d&#8217;autoprotecci\u00f3<\/p>\n<p>\u00a0\u00a0\u00a0Aquest manual ens informa sobre com actuar en cas d&#8217;emerg\u00e8ncia, est\u00e0 dirigit a empleats, estudiants i visitants.\u00a0<br \/>\nManual d&#8217;autoprotecci\u00f3 de la UMH.<br \/>\nDirectament consultable o descargable en PDF des de l&#8217;enlla\u00e7.<br \/>\n(informaci\u00f3 servei de Prevenci\u00f3 de Riscos Laborals UMH)<\/p>\n<p>Informaci\u00f3 de com actuar en cas d&#8217;emerg\u00e8ncia<\/p>\n<p>Tel\u00e8fon d&#8217;Emerg\u00e8nciaTel\u00e8fon de Centre de Comunicacions de la *UMH per a tractament d&#8217;EMERG\u00c8NCIA,Per [&#8230;]<\/p>\n","protected":false},"author":674,"featured_media":0,"parent":0,"menu_order":3,"comment_status":"closed","ping_status":"open","template":"","meta":{"_links_to":"","_links_to_target":""},"_links":{"self":[{"href":"https:\/\/fisiologia.umh.es\/ca\/wp-json\/wp\/v2\/pages\/43"}],"collection":[{"href":"https:\/\/fisiologia.umh.es\/ca\/wp-json\/wp\/v2\/pages"}],"about":[{"href":"https:\/\/fisiologia.umh.es\/ca\/wp-json\/wp\/v2\/types\/page"}],"author":[{"embeddable":true,"href":"https:\/\/fisiologia.umh.es\/ca\/wp-json\/wp\/v2\/users\/674"}],"replies":[{"embeddable":true,"href":"https:\/\/fisiologia.umh.es\/ca\/wp-json\/wp\/v2\/comments?post=43"}],"version-history":[{"count":0,"href":"https:\/\/fisiologia.umh.es\/ca\/wp-json\/wp\/v2\/pages\/43\/revisions"}],"wp:attachment":[{"href":"https:\/\/fisiologia.umh.es\/ca\/wp-json\/wp\/v2\/media?parent=43"}],"curies":[{"name":"wp","href":"https:\/\/api.w.org\/{rel}","templated":true}]}}