{"id":6,"date":"2012-11-16T12:23:57","date_gmt":"2012-11-16T11:23:57","guid":{"rendered":"http:\/\/fisiologia.umh.es\/?page_id=6"},"modified":"2012-11-23T12:23:04","modified_gmt":"2012-11-23T11:23:04","slug":"presentacion","status":"publish","type":"page","link":"https:\/\/fisiologia.umh.es\/ca\/presentacion\/","title":{"rendered":"Presentaci\u00f3"},"content":{"rendered":"<p><\/p>\n<p><p>El Departament de Fisiologia es dedica a promoure l&#8217;aprenentatge del funcionament normal dels \u00e9ssers vius, coneixement fonamental per als estudiants de medicina, farm\u00e0cia, fisioter\u00e0pia, infermeria, psicologia, *bioingenier\u00eda, etc. El seu professorat imparteix doc\u00e8ncia *pre-grau en les facultats de Medicina, Farm\u00e0cia, Ci\u00e8ncies Experimentals i Ci\u00e8ncies Soci-sanit\u00e0ries, desenvolupant dotze programes acreditats d&#8217;assignatures en estudis de Grau, mantenint a m\u00e9s el comprom\u00eds en altres setze programes d&#8217;assignatures en llicenciatures i diplomatures fins a la seua extinci\u00f3 definitiva. L&#8217;esfor\u00e7 docent dedica considerables recursos a desenvolupar en els estudiants imprescindibles habilitats f\u00edsiques i anal\u00edtiques, a trav\u00e9s d&#8217;un consistent programa d&#8217;activitats pr\u00e0ctiques. D&#8217;altra banda, s&#8217;imparteix doc\u00e8ncia *post-grau mitjan\u00e7ant els cursos de doctorat en *Neurociencias i Biotecnologia. El professorat del departament est\u00e0 profundament comprom\u00e8s en les \u00e0rees d&#8217;investigaci\u00f3 dels Instituts de *Neurociencias i *Bioingenier\u00eda, principalment en *neurobiolog\u00eda ocular, *transducci\u00f3n sensorial, *nocicepci\u00f3n, *electrofisiolog\u00eda de l&#8217;escor\u00e7a *pre-frontal, biof\u00edsica de canals i\u00f2nics i fisiologia cel\u00b7lular endocrina. Aquest departament, finalment, est\u00e0 decididament implicat en tasques i projectes de cooperaci\u00f3 internacional.<\/p>\n<p><em>&#8220;Aquest text ha sigut tradu\u00eft utilitzant un motor de raducci\u00f3 autom\u00e0tica&#8221;.<\/em><\/p>\n<\/p>\n<p><\/p>","protected":false},"excerpt":{"rendered":"<p>El Departament de Fisiologia es dedica a promoure l&#8217;aprenentatge del funcionament normal dels \u00e9ssers vius, coneixement fonamental per als estudiants de medicina, farm\u00e0cia, fisioter\u00e0pia, infermeria, psicologia, *bioingenier\u00eda, etc. El seu professorat imparteix doc\u00e8ncia *pre-grau en les facultats de Medicina, Farm\u00e0cia, Ci\u00e8ncies Experimentals i Ci\u00e8ncies Soci-sanit\u00e0ries, desenvolupant dotze programes acreditats d&#8217;assignatures en estudis de Grau, mantenint [&#8230;]<\/p>\n","protected":false},"author":674,"featured_media":0,"parent":0,"menu_order":0,"comment_status":"closed","ping_status":"open","template":"","meta":{"_links_to":"","_links_to_target":""},"_links":{"self":[{"href":"https:\/\/fisiologia.umh.es\/ca\/wp-json\/wp\/v2\/pages\/6"}],"collection":[{"href":"https:\/\/fisiologia.umh.es\/ca\/wp-json\/wp\/v2\/pages"}],"about":[{"href":"https:\/\/fisiologia.umh.es\/ca\/wp-json\/wp\/v2\/types\/page"}],"author":[{"embeddable":true,"href":"https:\/\/fisiologia.umh.es\/ca\/wp-json\/wp\/v2\/users\/674"}],"replies":[{"embeddable":true,"href":"https:\/\/fisiologia.umh.es\/ca\/wp-json\/wp\/v2\/comments?post=6"}],"version-history":[{"count":0,"href":"https:\/\/fisiologia.umh.es\/ca\/wp-json\/wp\/v2\/pages\/6\/revisions"}],"wp:attachment":[{"href":"https:\/\/fisiologia.umh.es\/ca\/wp-json\/wp\/v2\/media?parent=6"}],"curies":[{"name":"wp","href":"https:\/\/api.w.org\/{rel}","templated":true}]}}